{"id":742,"date":"2018-08-31T16:10:29","date_gmt":"2018-08-31T19:10:29","guid":{"rendered":"https:\/\/isp26-sfe.infd.edu.ar\/sitio\/profesorado-de-historia\/"},"modified":"2019-11-28T20:39:43","modified_gmt":"2019-11-28T23:39:43","slug":"profesorado-de-historia","status":"publish","type":"page","link":"https:\/\/isp26-sfe.infd.edu.ar\/sitio\/profesorado-de-historia\/","title":{"rendered":"Profesorado de Educaci\u00f3n Secundaria en  Historia"},"content":{"rendered":"<p style=\"text-align: left;\"><em><strong>Objetivos de la Carrera<\/strong><\/em><\/p>\n<p style=\"text-align: left;\"><strong>\u00a0\u00a0\u00a0\u00a0\u00a0\u00a0\u00a0<\/strong> Promover\u00a0 en los futuros docentes capacidades para atender la ense\u00f1anza de los contenidos del \u00e1rea de las Ciencias Sociales en el tercere ciclo de la EGB( actual s\u00e9ptimo, primero y segundo a\u00f1o) y de la disciplina en la Educaci\u00f3n Polimodal ( Actual tercero, cuarto y quinto a\u00f1o de la Educaci\u00f3n Secundaria).<\/p>\n<p style=\"text-align: left;\">\u00a0\u00a0\u00a0\u00a0\u00a0\u00a0\u00a0 Para ello ser\u00e1 necesario una formaci\u00f3n que propenda al conocimiento y comprenci\u00f3n de:<\/p>\n<ul>\n<li>\n<div style=\"text-align: left;\">Los principios, conceptos y teor\u00edas b\u00e1sicas de las CIencias Sociales.<\/div>\n<\/li>\n<li>\n<div style=\"text-align: left;\">Los principios, conceptos y teor\u00edas que constituyen el saber hist\u00f3rico actual.<\/div>\n<\/li>\n<li>\n<div style=\"text-align: left;\">El marco te\u00f3rico que le permita entender la realidad educativa en el contexto socio-cultural de\u00a0 fines de siglo en la provincia, el pa\u00eds y el mundo, as\u00ed como tambi\u00e9n las caracter\u00edsticas propias de las etapas et\u00e1reas por la que transitan sus alumnos en dicho contexto, a fin de que pueda fundamentar te\u00f3ricamente su hacer did\u00e1ctico y asumir una actitud cr\u00edtica y reflexiva en el desarrollo de tareas de ense\u00f1anza de las Ciencias Sociales y de la disciplina.<\/div>\n<\/li>\n<\/ul>\n<p style=\"text-align: left;\"><strong><em>Perfil profesional o acad\u00e9mico del graduado<\/em><\/strong><\/p>\n<p style=\"text-align: left;\">\u00a0\u00a0\u00a0\u00a0\u00a0\u00a0\u00a0 La formaci\u00f3n docente se orienta al desarrollo de competencias que permiten establecer las conexiones necesarias entre los campos de formaci\u00f3n general pedag\u00f3gica, especializada y orientada, para atender la ense\u00f1anza en instituciones y contextos particulares, respondiendo a\u00a0 la diversidad de situaciones que se presenten.<\/p>\n<p style=\"text-align: left;\">\u00a0\u00a0\u00a0\u00a0\u00a0\u00a0\u00a0 Para ello, la formaci\u00f3n se orientar\u00e1 hacia el desarrollo de las principales competencias:<\/p>\n<ul>\n<li>\n<div style=\"text-align: left;\"><strong>La competencia disciplinar: <\/strong>el saber disciplinar supone el conocimiento de los principales conceptos y teor\u00edas que constituyen el saber hist\u00f3rico actual y de las ciencias Sociales en general; el conocimiento de los procedimientos empleados en los procesos de abordaje e investigaci\u00f3n de las ciencias mencionadas y el desarrollo de las actitudes propias de dicho saber.<\/div>\n<\/li>\n<\/ul>\n","protected":false},"excerpt":{"rendered":"<p>Objetivos de la Carrera \u00a0\u00a0\u00a0\u00a0\u00a0\u00a0\u00a0 Promover\u00a0 en los futuros docentes capacidades para atender la ense\u00f1anza de los contenidos del \u00e1rea de las Ciencias Sociales en el tercere ciclo de la EGB( actual s\u00e9ptimo, primero y segundo a\u00f1o) y de la disciplina en la Educaci\u00f3n Polimodal ( Actual tercero, cuarto y quinto a\u00f1o de la Educaci\u00f3n &#8230; <a title=\"Profesorado de Educaci\u00f3n Secundaria en  Historia\" class=\"read-more\" href=\"https:\/\/isp26-sfe.infd.edu.ar\/sitio\/profesorado-de-historia\/\" aria-label=\"More on Profesorado de Educaci\u00f3n Secundaria en  Historia\">[+]<\/a><\/p>\n","protected":false},"author":164,"featured_media":0,"parent":0,"menu_order":0,"comment_status":"closed","ping_status":"closed","template":"","meta":[],"acf":[],"_links":{"self":[{"href":"https:\/\/isp26-sfe.infd.edu.ar\/sitio\/wp-json\/wp\/v2\/pages\/742"}],"collection":[{"href":"https:\/\/isp26-sfe.infd.edu.ar\/sitio\/wp-json\/wp\/v2\/pages"}],"about":[{"href":"https:\/\/isp26-sfe.infd.edu.ar\/sitio\/wp-json\/wp\/v2\/types\/page"}],"author":[{"embeddable":true,"href":"https:\/\/isp26-sfe.infd.edu.ar\/sitio\/wp-json\/wp\/v2\/users\/164"}],"replies":[{"embeddable":true,"href":"https:\/\/isp26-sfe.infd.edu.ar\/sitio\/wp-json\/wp\/v2\/comments?post=742"}],"version-history":[{"count":1,"href":"https:\/\/isp26-sfe.infd.edu.ar\/sitio\/wp-json\/wp\/v2\/pages\/742\/revisions"}],"predecessor-version":[{"id":796,"href":"https:\/\/isp26-sfe.infd.edu.ar\/sitio\/wp-json\/wp\/v2\/pages\/742\/revisions\/796"}],"wp:attachment":[{"href":"https:\/\/isp26-sfe.infd.edu.ar\/sitio\/wp-json\/wp\/v2\/media?parent=742"}],"curies":[{"name":"wp","href":"https:\/\/api.w.org\/{rel}","templated":true}]}}