{"id":762,"date":"2018-08-31T16:10:36","date_gmt":"2018-08-31T19:10:36","guid":{"rendered":"https:\/\/isp26-sfe.infd.edu.ar\/sitio\/datos-institucionales\/"},"modified":"2019-12-12T21:10:28","modified_gmt":"2019-12-13T00:10:28","slug":"datos-institucionales","status":"publish","type":"page","link":"https:\/\/isp26-sfe.infd.edu.ar\/sitio\/datos-institucionales\/","title":{"rendered":"Datos institucionales"},"content":{"rendered":"<p><span style=\"font-family: times new roman,times;\"><span style=\"font-size: 14pt;\">\u00a0Datos institucionales:<\/span><\/span><\/p>\n<p>&nbsp;<\/p>\n<ul>\n<li><span style=\"font-family: times new roman,times;\"><span style=\"font-size: 14pt;\">Instituto Superior del Profesorado N\u00b026 \u00c1ngela Peralta Pino<\/span><\/span><\/li>\n<li><span style=\"font-family: times new roman,times;\"><span style=\"font-size: 14pt;\">Direcci\u00f3n: Av. Trist\u00e1n Malbr\u00e1n 24, Ceres, Santa fe, Argentina.<\/span><\/span><\/li>\n<li><span style=\"font-family: times new roman,times;\"><span style=\"font-size: 14pt;\">Tel\u00e9fonos: (03491) &#8211; 420023.<\/span><\/span><\/li>\n<li><span style=\"font-family: times new roman,times;\"><span style=\"font-size: 14pt;\">CP: 2340<\/span><\/span><\/li>\n<li><span style=\"font-size: 10pt;\"><span style=\"font-family: times new roman,times;\"><span style=\"font-size: 14pt;\">E-mail de consultas: <\/span><\/span><\/span><\/li>\n<\/ul>\n<p><span style=\"font-size: 10pt;\"><span style=\"font-family: times new roman,times;\"><span style=\"font-size: 14pt;\">\u00a0 \u00a0 superior26_ceres@santafe.edu.ar\u00a0 \u00a0 \u00a0 \u00a0 \u00a0 \u00a0 \u00a0 \u00a0 \u00a0 \u00a0 \u00a0 \u00a0 \u00a0 \u00a0 \u00a0 \u00a0 \u00a0 \u00a0 \u00a0 \u00a0 \u00a0 \u00a0 \u00a0 \u00a0 \u00a0 \u00a0 \u00a0<\/span><\/span><\/span><\/p>\n<p><span style=\"font-size: 10pt;\"><span style=\"font-family: times new roman,times;\"><span style=\"font-size: 14pt;\"> \u00a0 \u00a0\u00a0<\/span><\/span><\/span>aperaltapinoisp26@gmail.com<\/p>\n<ul>\n<li><span style=\"font-family: arial black,avant garde;\"><a href=\"http:\/\/www.isp26.sfe.edu.ar\"><span style=\"font-family: times new roman,times;\"><span style=\"font-size: 14pt;\">www.isp26.sfe.edu.ar<\/span><\/span><\/a><\/span><\/li>\n<\/ul>\n","protected":false},"excerpt":{"rendered":"<p>\u00a0Datos institucionales: &nbsp; Instituto Superior del Profesorado N\u00b026 \u00c1ngela Peralta Pino Direcci\u00f3n: Av. Trist\u00e1n Malbr\u00e1n 24, Ceres, Santa fe, Argentina. Tel\u00e9fonos: (03491) &#8211; 420023. CP: 2340 E-mail de consultas: \u00a0 \u00a0 superior26_ceres@santafe.edu.ar\u00a0 \u00a0 \u00a0 \u00a0 \u00a0 \u00a0 \u00a0 \u00a0 \u00a0 \u00a0 \u00a0 \u00a0 \u00a0 \u00a0 \u00a0 \u00a0 \u00a0 \u00a0 \u00a0 \u00a0 \u00a0 \u00a0 \u00a0 \u00a0 &#8230; <a title=\"Datos institucionales\" class=\"read-more\" href=\"https:\/\/isp26-sfe.infd.edu.ar\/sitio\/datos-institucionales\/\" aria-label=\"More on Datos institucionales\">[+]<\/a><\/p>\n","protected":false},"author":164,"featured_media":0,"parent":0,"menu_order":0,"comment_status":"closed","ping_status":"closed","template":"","meta":[],"acf":[],"_links":{"self":[{"href":"https:\/\/isp26-sfe.infd.edu.ar\/sitio\/wp-json\/wp\/v2\/pages\/762"}],"collection":[{"href":"https:\/\/isp26-sfe.infd.edu.ar\/sitio\/wp-json\/wp\/v2\/pages"}],"about":[{"href":"https:\/\/isp26-sfe.infd.edu.ar\/sitio\/wp-json\/wp\/v2\/types\/page"}],"author":[{"embeddable":true,"href":"https:\/\/isp26-sfe.infd.edu.ar\/sitio\/wp-json\/wp\/v2\/users\/164"}],"replies":[{"embeddable":true,"href":"https:\/\/isp26-sfe.infd.edu.ar\/sitio\/wp-json\/wp\/v2\/comments?post=762"}],"version-history":[{"count":4,"href":"https:\/\/isp26-sfe.infd.edu.ar\/sitio\/wp-json\/wp\/v2\/pages\/762\/revisions"}],"predecessor-version":[{"id":825,"href":"https:\/\/isp26-sfe.infd.edu.ar\/sitio\/wp-json\/wp\/v2\/pages\/762\/revisions\/825"}],"wp:attachment":[{"href":"https:\/\/isp26-sfe.infd.edu.ar\/sitio\/wp-json\/wp\/v2\/media?parent=762"}],"curies":[{"name":"wp","href":"https:\/\/api.w.org\/{rel}","templated":true}]}}